{"id":2473,"date":"2023-10-09T03:05:08","date_gmt":"2023-10-09T03:05:08","guid":{"rendered":"https:\/\/dwilabmandiri.co.id\/?post_type=product&#038;p=2473"},"modified":"2024-10-07T10:06:30","modified_gmt":"2024-10-07T10:06:30","slug":"mini-centrifuge-d2012-plus-high-speed-dlab","status":"publish","type":"product","link":"https:\/\/dwilabmandiri.co.id\/?product=mini-centrifuge-d2012-plus-high-speed-dlab","title":{"rendered":"Mini Centrifuge D2012 Plus High Speed DLAB"},"content":{"rendered":"<h3><strong>Fitur Produk<\/strong><\/h3>\n<ul>\n<li>Merk Nesco \/ DLAB<\/li>\n<li>Operasi pulsa untuk putaran cepat yang cepat dan nyaman<\/li>\n<li>Kecepatan hingga 15000rpm (15100\u00d7g)<\/li>\n<li>Motor DC tanpa sikat bergerak dengan cepat ke kecepatan target<\/li>\n<li>Operasi halus dan tenang (kebisingan \u226454dB)<\/li>\n<li>Tutup-kunci otomatis dan deteksi kecepatan berlebih<\/li>\n<li>Lulus uji tahan ledakan yang ketat<\/li>\n<li>Bersertifikat dengan CE, cT\u00dcVus, FCC<\/li>\n<\/ul>\n<h3><strong>Spesifikasi Produk<\/strong><\/h3>\n<ul>\n<li>Model : D2012 plus<\/li>\n<li>Max. Speed : 15000 rpm (500-15000 rpm), increment:100 rpm<\/li>\n<li>Max. RCF : 15100\u00d7g, increment: 100\u00d7g<\/li>\n<li>Speed Accuracy : \u00b1 20 rpm<\/li>\n<li>Rotor Capacity : 0.2mL\/0.5mL\/1.5mL\/2mL\u00d712<\/li>\n<li>Run Time : 30sec-99min\/Continuous<\/li>\n<li>Driving Motor : Brushless DC motor<\/li>\n<li>Safety Devices : Door interlock, Over-speed detection, Over-temperature detection, Automatic internal diagnosis<\/li>\n<li>Power : Single-phase, AC100V-240V, 50Hz\/60Hz, 3A ,100W<\/li>\n<li>Noise level : \u226454dB<\/li>\n<li>Acceleration\/Braking time : 11s\u2191\/9s\u2193<\/li>\n<li>Dimension[D\u00d7W\u00d7H] : 255\u00d7245\u00d7140mm<\/li>\n<li>Weight : 6kg<\/li>\n<li>Certification : EMC, CE, FCC, ICES, cTUVus, CB<\/li>\n<li>Advanced features : Speed\/RCF switch,Short-time run function,sound-alert function<\/li>\n<\/ul>\n<p>&nbsp;<\/p>\n<p>Untuk Info Lebih Lanjut<\/p>\n<p>Email : dwilab.mandiri@gmail.com<\/p>\n<p>Whatsapp : 0819-3677-7978<\/p>\n","protected":false},"excerpt":{"rendered":"<p>Centrifuge D2012 Plus High Speed Mini Centrifuge (kecepatan tinggi) dilengkapi dengan kapasitas rotoor Rotor 0.2mL\/0.5mL\/1.5mL\/2mL\u00d712. Perangkat ini banyak digunakan untuk pemisahan darah atau urin dalam praktik rutin medis di rumah sakit, klinik atau lembaga penelitian.<\/p>\n","protected":false},"featured_media":3700,"comment_status":"open","ping_status":"closed","template":"","meta":[],"product_cat":[45,46],"product_tag":[72,73],"class_list":{"0":"post-2473","1":"product","2":"type-product","3":"status-publish","4":"has-post-thumbnail","6":"product_cat-alat","7":"product_cat-instrumen","8":"product_tag-alat","9":"product_tag-instrumen","11":"first","12":"instock","13":"shipping-taxable","14":"product-type-simple"},"acf":[],"yoast_head":"<!-- This site is optimized with the Yoast SEO Premium plugin v19.6 (Yoast SEO v21.0) - https:\/\/yoast.com\/wordpress\/plugins\/seo\/ -->\n<title>Mini Centrifuge D2012 Plus High Speed DLAB - Dwilab Mandiri Scientific<\/title>\n<meta name=\"description\" content=\"Centrifuge D2012 Plus High Speed Mini Centrifuge (kecepatan tinggi) dilengkapi dengan kapasitas rotoor Rotor 0.2mL\/0.5mL\/1.5mL\/2mL\u00d712. Perangkat ini banyak digunakan untuk pemisahan darah atau urin dalam praktik rutin medis di rumah sakit, klinik atau lembaga penelitian.\" \/>\n<meta name=\"robots\" content=\"index, follow, max-snippet:-1, max-image-preview:large, max-video-preview:-1\" \/>\n<link rel=\"canonical\" href=\"https:\/\/dwilabmandiri.co.id\/?product=mini-centrifuge-d2012-plus-high-speed-dlab\" \/>\n<meta property=\"og:locale\" content=\"en_US\" \/>\n<meta property=\"og:type\" content=\"article\" \/>\n<meta property=\"og:title\" content=\"Mini Centrifuge D2012 Plus High Speed DLAB\" \/>\n<meta property=\"og:description\" content=\"Centrifuge D2012 Plus High Speed Mini Centrifuge (kecepatan tinggi) dilengkapi dengan kapasitas rotoor Rotor 0.2mL\/0.5mL\/1.5mL\/2mL\u00d712. Perangkat ini banyak digunakan untuk pemisahan darah atau urin dalam praktik rutin medis di rumah sakit, klinik atau lembaga penelitian.\" \/>\n<meta property=\"og:url\" content=\"https:\/\/dwilabmandiri.co.id\/?product=mini-centrifuge-d2012-plus-high-speed-dlab\" \/>\n<meta property=\"og:site_name\" content=\"Dwilab Mandiri Scientific\" \/>\n<meta property=\"article:modified_time\" content=\"2024-10-07T10:06:30+00:00\" \/>\n<meta property=\"og:image\" content=\"https:\/\/dwilabmandiri.co.id\/wp-content\/uploads\/2023\/10\/GASDWA.jpg\" \/>\n\t<meta property=\"og:image:width\" content=\"745\" \/>\n\t<meta property=\"og:image:height\" content=\"668\" \/>\n\t<meta property=\"og:image:type\" content=\"image\/jpeg\" \/>\n<meta name=\"twitter:card\" content=\"summary_large_image\" \/>\n<meta name=\"twitter:label1\" content=\"Est. reading time\" \/>\n\t<meta name=\"twitter:data1\" content=\"1 minute\" \/>\n<script type=\"application\/ld+json\" class=\"yoast-schema-graph\">{\"@context\":\"https:\/\/schema.org\",\"@graph\":[{\"@type\":\"WebPage\",\"@id\":\"https:\/\/dwilabmandiri.co.id\/?product=mini-centrifuge-d2012-plus-high-speed-dlab\",\"url\":\"https:\/\/dwilabmandiri.co.id\/?product=mini-centrifuge-d2012-plus-high-speed-dlab\",\"name\":\"Mini Centrifuge D2012 Plus High Speed DLAB - Dwilab Mandiri Scientific\",\"isPartOf\":{\"@id\":\"https:\/\/dwilabmandiri.co.id\/#website\"},\"datePublished\":\"2023-10-09T03:05:08+00:00\",\"dateModified\":\"2024-10-07T10:06:30+00:00\",\"description\":\"Centrifuge D2012 Plus High Speed Mini Centrifuge (kecepatan tinggi) dilengkapi dengan kapasitas rotoor Rotor 0.2mL\/0.5mL\/1.5mL\/2mL\u00d712. Perangkat ini banyak digunakan untuk pemisahan darah atau urin dalam praktik rutin medis di rumah sakit, klinik atau lembaga penelitian.\",\"breadcrumb\":{\"@id\":\"https:\/\/dwilabmandiri.co.id\/?product=mini-centrifuge-d2012-plus-high-speed-dlab#breadcrumb\"},\"inLanguage\":\"en-US\",\"potentialAction\":[{\"@type\":\"ReadAction\",\"target\":[\"https:\/\/dwilabmandiri.co.id\/?product=mini-centrifuge-d2012-plus-high-speed-dlab\"]}]},{\"@type\":\"BreadcrumbList\",\"@id\":\"https:\/\/dwilabmandiri.co.id\/?product=mini-centrifuge-d2012-plus-high-speed-dlab#breadcrumb\",\"itemListElement\":[{\"@type\":\"ListItem\",\"position\":1,\"name\":\"Home\",\"item\":\"https:\/\/dwilabmandiri.co.id\/\"},{\"@type\":\"ListItem\",\"position\":2,\"name\":\"Shop\",\"item\":\"https:\/\/dwilabmandiri.co.id\/?page_id=181\"},{\"@type\":\"ListItem\",\"position\":3,\"name\":\"Mini Centrifuge D2012 Plus High Speed DLAB\"}]},{\"@type\":\"WebSite\",\"@id\":\"https:\/\/dwilabmandiri.co.id\/#website\",\"url\":\"https:\/\/dwilabmandiri.co.id\/\",\"name\":\"Dwilab Mandiri Scientific\",\"description\":\"Your trust is our priority\",\"publisher\":{\"@id\":\"https:\/\/dwilabmandiri.co.id\/#organization\"},\"potentialAction\":[{\"@type\":\"SearchAction\",\"target\":{\"@type\":\"EntryPoint\",\"urlTemplate\":\"https:\/\/dwilabmandiri.co.id\/?s={search_term_string}\"},\"query-input\":\"required name=search_term_string\"}],\"inLanguage\":\"en-US\"},{\"@type\":\"Organization\",\"@id\":\"https:\/\/dwilabmandiri.co.id\/#organization\",\"name\":\"Dwilab Mandiri Scientific\",\"url\":\"https:\/\/dwilabmandiri.co.id\/\",\"logo\":{\"@type\":\"ImageObject\",\"inLanguage\":\"en-US\",\"@id\":\"https:\/\/dwilabmandiri.co.id\/#\/schema\/logo\/image\/\",\"url\":\"https:\/\/dwilabmandiri.co.id\/wp-content\/uploads\/2023\/08\/Asset-403.png\",\"contentUrl\":\"https:\/\/dwilabmandiri.co.id\/wp-content\/uploads\/2023\/08\/Asset-403.png\",\"width\":319,\"height\":369,\"caption\":\"Dwilab Mandiri Scientific\"},\"image\":{\"@id\":\"https:\/\/dwilabmandiri.co.id\/#\/schema\/logo\/image\/\"},\"sameAs\":[\"https:\/\/www.instagram.com\/dwilabmandiri\/\",\"https:\/\/www.youtube.com\/@dwilabmandiriscientific\"]}]}<\/script>\n<!-- \/ Yoast SEO Premium plugin. -->","yoast_head_json":{"title":"Mini Centrifuge D2012 Plus High Speed DLAB - Dwilab Mandiri Scientific","description":"Centrifuge D2012 Plus High Speed Mini Centrifuge (kecepatan tinggi) dilengkapi dengan kapasitas rotoor Rotor 0.2mL\/0.5mL\/1.5mL\/2mL\u00d712. Perangkat ini banyak digunakan untuk pemisahan darah atau urin dalam praktik rutin medis di rumah sakit, klinik atau lembaga penelitian.","robots":{"index":"index","follow":"follow","max-snippet":"max-snippet:-1","max-image-preview":"max-image-preview:large","max-video-preview":"max-video-preview:-1"},"canonical":"https:\/\/dwilabmandiri.co.id\/?product=mini-centrifuge-d2012-plus-high-speed-dlab","og_locale":"en_US","og_type":"article","og_title":"Mini Centrifuge D2012 Plus High Speed DLAB","og_description":"Centrifuge D2012 Plus High Speed Mini Centrifuge (kecepatan tinggi) dilengkapi dengan kapasitas rotoor Rotor 0.2mL\/0.5mL\/1.5mL\/2mL\u00d712. Perangkat ini banyak digunakan untuk pemisahan darah atau urin dalam praktik rutin medis di rumah sakit, klinik atau lembaga penelitian.","og_url":"https:\/\/dwilabmandiri.co.id\/?product=mini-centrifuge-d2012-plus-high-speed-dlab","og_site_name":"Dwilab Mandiri Scientific","article_modified_time":"2024-10-07T10:06:30+00:00","og_image":[{"width":745,"height":668,"url":"https:\/\/dwilabmandiri.co.id\/wp-content\/uploads\/2023\/10\/GASDWA.jpg","type":"image\/jpeg"}],"twitter_card":"summary_large_image","twitter_misc":{"Est. reading time":"1 minute"},"schema":{"@context":"https:\/\/schema.org","@graph":[{"@type":"WebPage","@id":"https:\/\/dwilabmandiri.co.id\/?product=mini-centrifuge-d2012-plus-high-speed-dlab","url":"https:\/\/dwilabmandiri.co.id\/?product=mini-centrifuge-d2012-plus-high-speed-dlab","name":"Mini Centrifuge D2012 Plus High Speed DLAB - Dwilab Mandiri Scientific","isPartOf":{"@id":"https:\/\/dwilabmandiri.co.id\/#website"},"datePublished":"2023-10-09T03:05:08+00:00","dateModified":"2024-10-07T10:06:30+00:00","description":"Centrifuge D2012 Plus High Speed Mini Centrifuge (kecepatan tinggi) dilengkapi dengan kapasitas rotoor Rotor 0.2mL\/0.5mL\/1.5mL\/2mL\u00d712. Perangkat ini banyak digunakan untuk pemisahan darah atau urin dalam praktik rutin medis di rumah sakit, klinik atau lembaga penelitian.","breadcrumb":{"@id":"https:\/\/dwilabmandiri.co.id\/?product=mini-centrifuge-d2012-plus-high-speed-dlab#breadcrumb"},"inLanguage":"en-US","potentialAction":[{"@type":"ReadAction","target":["https:\/\/dwilabmandiri.co.id\/?product=mini-centrifuge-d2012-plus-high-speed-dlab"]}]},{"@type":"BreadcrumbList","@id":"https:\/\/dwilabmandiri.co.id\/?product=mini-centrifuge-d2012-plus-high-speed-dlab#breadcrumb","itemListElement":[{"@type":"ListItem","position":1,"name":"Home","item":"https:\/\/dwilabmandiri.co.id\/"},{"@type":"ListItem","position":2,"name":"Shop","item":"https:\/\/dwilabmandiri.co.id\/?page_id=181"},{"@type":"ListItem","position":3,"name":"Mini Centrifuge D2012 Plus High Speed DLAB"}]},{"@type":"WebSite","@id":"https:\/\/dwilabmandiri.co.id\/#website","url":"https:\/\/dwilabmandiri.co.id\/","name":"Dwilab Mandiri Scientific","description":"Your trust is our priority","publisher":{"@id":"https:\/\/dwilabmandiri.co.id\/#organization"},"potentialAction":[{"@type":"SearchAction","target":{"@type":"EntryPoint","urlTemplate":"https:\/\/dwilabmandiri.co.id\/?s={search_term_string}"},"query-input":"required name=search_term_string"}],"inLanguage":"en-US"},{"@type":"Organization","@id":"https:\/\/dwilabmandiri.co.id\/#organization","name":"Dwilab Mandiri Scientific","url":"https:\/\/dwilabmandiri.co.id\/","logo":{"@type":"ImageObject","inLanguage":"en-US","@id":"https:\/\/dwilabmandiri.co.id\/#\/schema\/logo\/image\/","url":"https:\/\/dwilabmandiri.co.id\/wp-content\/uploads\/2023\/08\/Asset-403.png","contentUrl":"https:\/\/dwilabmandiri.co.id\/wp-content\/uploads\/2023\/08\/Asset-403.png","width":319,"height":369,"caption":"Dwilab Mandiri Scientific"},"image":{"@id":"https:\/\/dwilabmandiri.co.id\/#\/schema\/logo\/image\/"},"sameAs":["https:\/\/www.instagram.com\/dwilabmandiri\/","https:\/\/www.youtube.com\/@dwilabmandiriscientific"]}]}},"_links":{"self":[{"href":"https:\/\/dwilabmandiri.co.id\/index.php?rest_route=\/wp\/v2\/product\/2473","targetHints":{"allow":["GET"]}}],"collection":[{"href":"https:\/\/dwilabmandiri.co.id\/index.php?rest_route=\/wp\/v2\/product"}],"about":[{"href":"https:\/\/dwilabmandiri.co.id\/index.php?rest_route=\/wp\/v2\/types\/product"}],"replies":[{"embeddable":true,"href":"https:\/\/dwilabmandiri.co.id\/index.php?rest_route=%2Fwp%2Fv2%2Fcomments&post=2473"}],"wp:featuredmedia":[{"embeddable":true,"href":"https:\/\/dwilabmandiri.co.id\/index.php?rest_route=\/wp\/v2\/media\/3700"}],"wp:attachment":[{"href":"https:\/\/dwilabmandiri.co.id\/index.php?rest_route=%2Fwp%2Fv2%2Fmedia&parent=2473"}],"wp:term":[{"taxonomy":"product_cat","embeddable":true,"href":"https:\/\/dwilabmandiri.co.id\/index.php?rest_route=%2Fwp%2Fv2%2Fproduct_cat&post=2473"},{"taxonomy":"product_tag","embeddable":true,"href":"https:\/\/dwilabmandiri.co.id\/index.php?rest_route=%2Fwp%2Fv2%2Fproduct_tag&post=2473"}],"curies":[{"name":"wp","href":"https:\/\/api.w.org\/{rel}","templated":true}]}}